{"id":11829,"date":"2021-09-17T13:48:46","date_gmt":"2021-09-17T11:48:46","guid":{"rendered":"http:\/\/buschenschankschandl.at.w01daac9.kasserver.com\/datenschutz\/"},"modified":"2023-07-14T22:46:25","modified_gmt":"2023-07-14T20:46:25","slug":"privacy-policy","status":"publish","type":"page","link":"https:\/\/www.buschenschankschandl.at\/en\/privacy-policy\/","title":{"rendered":"Privacy Policy"},"content":{"rendered":"<div id='av_section_1'  class='avia-section av-6al4p1-a43b03066b6636c7d21233466c9a3b20 main_color avia-section-default avia-no-border-styling  avia-builder-el-0  avia-builder-el-no-sibling  avia-bg-style-scroll container_wrap fullsize'  ><div class='container av-section-cont-open' ><main  role=\"main\" itemprop=\"mainContentOfPage\"  class='template-page content  av-content-full alpha units'><div class='post-entry post-entry-type-page post-entry-11829'><div class='entry-content-wrapper clearfix'>\n\n<style type=\"text\/css\" data-created_by=\"avia_inline_auto\" id=\"style-css-av-4qz12t-8b15d18c2b6344f43528f6a9b80e06df\">\n#top .av-special-heading.av-4qz12t-8b15d18c2b6344f43528f6a9b80e06df{\npadding-bottom:10px;\n}\nbody .av-special-heading.av-4qz12t-8b15d18c2b6344f43528f6a9b80e06df .av-special-heading-tag .heading-char{\nfont-size:25px;\n}\n.av-special-heading.av-4qz12t-8b15d18c2b6344f43528f6a9b80e06df .av-subheading{\nfont-size:15px;\n}\n<\/style>\n<div  class='av-special-heading av-4qz12t-8b15d18c2b6344f43528f6a9b80e06df av-special-heading-h1 blockquote modern-quote  avia-builder-el-1  el_before_av_textblock  avia-builder-el-first '><h1 class='av-special-heading-tag'  itemprop=\"headline\"  >Privacy Policy<\/h1><div class=\"special-heading-border\"><div class=\"special-heading-inner-border\"><\/div><\/div><\/div>\n<section  class='av_textblock_section av-37wnc5-ad6849425dc1892620948d05dcebc3b6'  itemscope=\"itemscope\" itemtype=\"https:\/\/schema.org\/CreativeWork\" ><div class='avia_textblock'  itemprop=\"text\" ><p id=\"headline-7-49\" class=\"ct-headline\"><span style=\"font-size: 16px;\"><strong>As a service for guests on our website we present basic information in English. The imprint listed in German below is legally binding.<\/strong><\/span><\/p>\n<p class=\"ct-headline\"><span style=\"font-size: 16px;\">Der Schutz Ihrer pers\u00f6nlichen Daten ist uns ein besonderes Anliegen. Wir verarbeiten Ihre Daten daher ausschlie\u00dflich auf Grundlage der gesetzlichen Bestimmungen (DSGVO, TKG 2003). In diesen Datenschutzinformationen informieren wir Sie \u00fcber die wichtigsten Aspekte der Datenverarbeitung im Rahmen unserer Website.<\/span><\/p>\n<div id=\"_rich_text-4-49\" class=\"oxy-rich-text\">\n<div id=\"u66476-71\" class=\"clearfix colelem shared_content\" data-muse-uid=\"U66476\" data-muse-type=\"txt_frame\" data-ibe-flags=\"txtStyleSrc\" data-sizepolicy=\"fixed\" data-pintopage=\"page_fixedCenter\" data-content-guid=\"u66476-71_content\">\n<p class=\"H3\"><strong>Cookies<\/strong><br \/>\nUnsere Website verwendet so genannte Cookies. Dabei handelt es sich um kleine Textdateien, die mit Hilfe des Browsers auf Ihrem Endger\u00e4t abgelegt werden. Sie richten keinen Schaden an.<\/p>\n<p class=\"Aufz-hlungen\">Wir nutzen Cookies dazu, unser Angebot nutzerfreundlich zu gestalten. Einige Cookies bleiben auf Ihrem Endger\u00e4t gespeichert, bis Sie diese l\u00f6schen. Sie erm\u00f6glichen es uns, Ihren Browser beim n\u00e4chsten Besuch wiederzuerkennen.<\/p>\n<p class=\"Aufz-hlungen\">Wenn Sie dies nicht w\u00fcnschen, so k\u00f6nnen Sie Ihren Browser so einrichten, dass er Sie \u00fcber das Setzen von Cookies informiert und Sie dies nur im Einzelfall erlauben.<\/p>\n<p class=\"Aufz-hlungen\">Bei der Deaktivierung von Cookies kann die Funktionalit\u00e4t unserer Website eingeschr\u00e4nkt sein.<\/p>\n<p class=\"H3\"><strong>Web-Analyse<\/strong><br \/>\nWir verwenden Cookies, das sind kleine Textelemente, die zum Speichern von Informationen in Webbrowsern verwendet werden. Cookies werden bei Ihrem n\u00e4chsten Besuch unseres Webauftritts erkannt und tragen erheblich dazu bei, Ladevorg\u00e4nge zu beschleunigen und die Nutzung unserer Angebote komfortabel f\u00fcr Sie zu machen. Ihre von Cookies erkannten und gespeicherten Informationen dienen Ihrer Wiederkennung, aber auch der Analyse Ihres Nutzerverhaltens. Sie werden auf dem Server des jeweiligen Anbieters, der sich als Auftragsverarbeiter uns gegen\u00fcber zur Einhaltung der geltenden Datenschutz-Standards verpflichtet hat, gespeichert.<\/p>\n<p id=\"u66476-20\" class=\"Aufz-hlungen\">Nachdem Sie unseren Webauftritt besucht haben, bleiben Cookies auf Ihrem Endger\u00e4t gespeichert, sofern Sie dies nicht von vornherein verweigern oder Sie Cookies nicht aktiv l\u00f6schen. Das aktive Deaktivieren von Cookies kann die Funktionalit\u00e4t unserer Webauftritte f\u00fcr Sie beeintr\u00e4chtigen. Sie k\u00f6nnen die Speicherung der Cookies auch durch eine entsprechende Einstellung Ihrer Browser-Software verhindern. Wir weisen Sie jedoch darauf hin, dass Sie in diesem Fall gegebenenfalls nicht s\u00e4mtliche Funktionen unserer Website werden nutzen k\u00f6nnen.<\/p>\n<p class=\"Aufz-hlungen\">Sie k\u00f6nnen dar\u00fcber hinaus die Weiterleitung der durch das Cookie erzeugten und auf Ihre Nutzung der Website bezogenen Daten (inkl. Ihrer IP-Adresse) an Google sowie die Verarbeitung dieser Daten durch Google verhindern, indem Sie das auf der Website\u00a0<a class=\"nonblock\" href=\"http:\/\/google.com\/\">google.com<\/a>\u00a0verf\u00fcgbare Browser-Plugin herunterladen und installieren. Das Plug-In ist jedoch nur f\u00fcr bestimmte Browser-Programme verf\u00fcgbar.<\/p>\n<p class=\"Aufz-hlungen\">Wir verwenden auf unserer Website auch Inhalte Dritter, um unseren Internet-Auftritt m\u00f6glichst informativ und komfortabel f\u00fcr Sie zu gestalten. Dazu geh\u00f6ren z.B.: Google-Maps, RSS-Feeds oder Youtube. Diese Dritt-Anbieter erhalten aus technischen Gr\u00fcnden Ihre IP-Adresse. Auf die Verwendung dieser Daten durch den Dritt-Anbieter haben wir keinen Einfluss. Wir verweisen diesbez\u00fcglich auf die Datenschutzerkl\u00e4rungen der jeweiligen Anbieter.<\/p>\n<p id=\"u66476-30\" class=\"Aufz-hlungen\">Wir setzen Google Analytics, einen Webanalysedienst der Google Inc. 1600, Amphitheatre Parkway, Mountain View, CA 94043, USA, ein (\u201eGoogle&#8221;). Google Analytics verwendet Cookies. Die durch das Cookie erzeugten Informationen \u00fcber Ihr Benutzerverhalten werden in der Regel an einen Server von Google in den USA \u00fcbertragen und dort gespeichert. Ihre IP-Adresse wird zuvor innerhalb der Europ\u00e4ischen Union gek\u00fcrzt und damit anonymisiert oder zumindest pseudonymisiert. Nur in Ausnahmef\u00e4llen wird die volle IP-Adresse an einen Server von Google in den USA \u00fcbertragen und dort gek\u00fcrzt.<\/p>\n<p class=\"Aufz-hlungen\">Google ben\u00fctzt diese Informationen, um Ihre Nutzung der Website auszuwerten, um Reports \u00fcber die Websiteaktivit\u00e4ten zusammenzustellen und um weitere mit der Websitenutzung und der Internetnutzung verbundene Dienstleistungen gegen\u00fcber dem Websitebetreiber zu erbringen. Die im Rahmen von Google Analytics von Ihrem Browser \u00fcbermittelte IP-Adresse wird nicht mit anderen Daten von Google zusammengef\u00fchrt. Beachten Sie in diesem Zusammenhang auch die Datenschutzerkl\u00e4rung von Google, insbesondere die unter den beiden folgenden Links abrufbaren Informationen:\u00a0<a class=\"nonblock\" href=\"http:\/\/www.google.com\/analytics\/terms\/de.html\">http:\/\/www.google.com\/analytics\/terms\/de.html<\/a>\u00a0und\u00a0<a class=\"nonblock\" href=\"https:\/\/www.google.de\/intl\/de\/policies\/\">https:\/\/www.google.de\/intl\/de\/policies\/<\/a><\/p>\n<p class=\"H3\"><strong>Newsletter<\/strong><br \/>\nSie haben die M\u00f6glichkeit, \u00fcber unsere Website unseren Newsletter zu abonnieren. Hierf\u00fcr ben\u00f6tigen wir Ihre E-Mail-Adresse und ihre Erkl\u00e4rung, dass Sie mit dem Bezug des Newsletters einverstanden sind.<\/p>\n<p class=\"Aufz-hlungen\">Um Sie zielgerichtet mit Informationen zu versorgen, erheben und verarbeiten wir au\u00dferdem freiwillig gemachte Angaben zu Interessengebieten wie beispielsweise Geburtstag und Postleitzahl.<\/p>\n<p class=\"Aufz-hlungen\">Sobald Sie sich f\u00fcr den Newsletter angemeldet haben, senden wir Ihnen ein Best\u00e4tigungs-E-Mail mit einem Link zur Best\u00e4tigung der Anmeldung.<\/p>\n<p class=\"Aufz-hlungen\">Das Abo des Newsletters k\u00f6nnen Sie jederzeit stornieren. Einfach unter\u00a0<a class=\"nonblock\" href=\"https:\/\/www.buschenschankschandl.at\/\">www.buschenschankschandl.at<\/a>\u00a0den Button Zur Newsletter Anmeldung anklicken, Ihre E-Mail-Adresse eintragen und absenden \u2013 Sie erhalten umgehend einen Link mit dem Sie Ihr Profil aktualisieren k\u00f6nnen und nat\u00fcrlich auch den Newsletter stornieren. Ihre E-Mail-Adresse wird aus dem Verteiler gel\u00f6scht, sodass Sie den Newsletter nicht mehr erhalten!<\/p>\n<p class=\"H3\"><strong>Kontakt<\/strong><br \/>\nSie k\u00f6nnen jederzeit unentgeltlich Auskunft \u00fcber Ihre personenbezogenen Daten, die von uns gespeichert werden, verlangen. Sie haben als Betroffener auch das Recht auf Widerruf, Auskunft, L\u00f6schung, Richtigstellung, Einschr\u00e4nkung und \u00dcbertragung Ihrer personenbezogenen Daten, soweit dem keine gesetzliche Aufbewahrungspflicht unsererseits gegen\u00fcbersteht.<\/p>\n<p class=\"Aufz-hlungen\">F\u00fcr n\u00e4here Informationen zu Ihren Rechten als Betroffener kontaktieren Sie uns bitte unter\u00a0<a class=\"nonblock\" href=\"mailto:info@buschenschankschandl.at\">info@buschenschankschandl.at<\/a>\u00a0unbedingt mit Ihrer aktiven vollst\u00e4ndigen E-Mail-Adresse, Name, Vorname, Adresse und Telefonnummer oder Mobilnetznummer. F\u00fcr Beschwerden ist als Aufsichtsbeh\u00f6rde die \u00d6sterreichische Datenschutzbeh\u00f6rde (DSB), Wickenburggasse 8-10, 1080 Wien, zust\u00e4ndig.<\/p>\n<p class=\"H3\"><strong>Sonstiges<\/strong><br \/>\nWir haben organisatorische und technische Schutzma\u00dfnahmen, die wir laufend evaluieren und bei Bedarf anpassen, implementiert, um Ihre von uns gespeicherten und verarbeiteten personenbezogenen Daten zu sch\u00fctzen.<\/p>\n<p class=\"Aufz-hlungen\">Wir behalten uns vor, diese Datenschutzerkl\u00e4rung jederzeit zu \u00e4ndern und an neue Entwicklungen anzupassen. Die neue Fassung gilt ab Bereitstellung auf unserer Website. Die aktuelle Fassung der Datenschutzerkl\u00e4rung ist jederzeit auf der Website abrufbar, ebenso unser Impressum.<\/p>\n<\/div>\n<\/div>\n<\/div><\/section>\n\n","protected":false},"excerpt":{"rendered":"","protected":false},"author":12,"featured_media":0,"parent":0,"menu_order":0,"comment_status":"closed","ping_status":"closed","template":"","meta":{"_acf_changed":false,"footnotes":""},"class_list":["post-11829","page","type-page","status-publish","hentry"],"acf":[],"yoast_head":"<!-- This site is optimized with the Yoast SEO plugin v24.2 - https:\/\/yoast.com\/wordpress\/plugins\/seo\/ -->\n<title>Privacy Policy | Buschenschank Peter Schandl<\/title>\n<meta name=\"description\" content=\"Data protection at a glance. The following information provides a simple overview of what happens to your personal data.\" \/>\n<meta name=\"robots\" content=\"index, follow, max-snippet:-1, max-image-preview:large, max-video-preview:-1\" \/>\n<link rel=\"canonical\" href=\"https:\/\/www.buschenschankschandl.at\/en\/privacy-policy\/\" \/>\n<meta property=\"og:locale\" content=\"en_US\" \/>\n<meta property=\"og:type\" content=\"article\" \/>\n<meta property=\"og:title\" content=\"Datenschutz | Buschenschank Peter Schandl\" \/>\n<meta property=\"og:description\" content=\"Datenschutz auf einen Blick. Die folgenden Hinweise geben einen einfachen \u00dcberblick dar\u00fcber, was mit Ihren personenbezogenen Daten passiert.\" \/>\n<meta property=\"og:url\" content=\"https:\/\/www.buschenschankschandl.at\/en\/privacy-policy\/\" \/>\n<meta property=\"og:site_name\" content=\"buschenschankschandl.at\" \/>\n<meta property=\"article:modified_time\" content=\"2023-07-14T20:46:25+00:00\" \/>\n<meta property=\"og:image\" content=\"http:\/\/www.buschenschankschandl.at\/wp-content\/uploads\/2023\/04\/Buschenschank_Schandl_Rust_Hotel_Rathausplatz_Abend.jpg\" \/>\n\t<meta property=\"og:image:width\" content=\"1199\" \/>\n\t<meta property=\"og:image:height\" content=\"800\" \/>\n\t<meta property=\"og:image:type\" content=\"image\/jpeg\" \/>\n<meta name=\"twitter:card\" content=\"summary_large_image\" \/>\n<meta name=\"twitter:title\" content=\"Datenschutz | Buschenschank Peter Schandl\" \/>\n<meta name=\"twitter:description\" content=\"Datenschutz auf einen Blick. Die folgenden Hinweise geben einen einfachen \u00dcberblick dar\u00fcber, was mit Ihren personenbezogenen Daten passiert.\" \/>\n<meta name=\"twitter:image\" content=\"https:\/\/www.buschenschankschandl.at\/wp-content\/uploads\/2023\/04\/Buschenschank_Schandl_Rust_Hotel_Rathausplatz_Abend.jpg\" \/>\n<meta name=\"twitter:label1\" content=\"Est. reading time\" \/>\n\t<meta name=\"twitter:data1\" content=\"7 minutes\" \/>\n<script type=\"application\/ld+json\" class=\"yoast-schema-graph\">{\"@context\":\"https:\/\/schema.org\",\"@graph\":[{\"@type\":\"WebPage\",\"@id\":\"https:\/\/www.buschenschankschandl.at\/en\/privacy-policy\/\",\"url\":\"https:\/\/www.buschenschankschandl.at\/en\/privacy-policy\/\",\"name\":\"Privacy Policy | Buschenschank Peter Schandl\",\"isPartOf\":{\"@id\":\"\/#website\"},\"datePublished\":\"2021-09-17T11:48:46+00:00\",\"dateModified\":\"2023-07-14T20:46:25+00:00\",\"description\":\"Data protection at a glance. The following information provides a simple overview of what happens to your personal data.\",\"breadcrumb\":{\"@id\":\"https:\/\/www.buschenschankschandl.at\/en\/privacy-policy\/#breadcrumb\"},\"inLanguage\":\"en-US\",\"potentialAction\":[{\"@type\":\"ReadAction\",\"target\":[\"https:\/\/www.buschenschankschandl.at\/en\/privacy-policy\/\"]}]},{\"@type\":\"BreadcrumbList\",\"@id\":\"https:\/\/www.buschenschankschandl.at\/en\/privacy-policy\/#breadcrumb\",\"itemListElement\":[{\"@type\":\"ListItem\",\"position\":1,\"name\":\"Startseite\",\"item\":\"http:\/\/www.buschenschankschandl.at\/en\/\"},{\"@type\":\"ListItem\",\"position\":2,\"name\":\"Privacy Policy\"}]},{\"@type\":\"WebSite\",\"@id\":\"\/#website\",\"url\":\"\/\",\"name\":\"buschenschankschandl.at\",\"description\":\"\",\"potentialAction\":[{\"@type\":\"SearchAction\",\"target\":{\"@type\":\"EntryPoint\",\"urlTemplate\":\"\/?s={search_term_string}\"},\"query-input\":{\"@type\":\"PropertyValueSpecification\",\"valueRequired\":true,\"valueName\":\"search_term_string\"}}],\"inLanguage\":\"en-US\"}]}<\/script>\n<!-- \/ Yoast SEO plugin. -->","yoast_head_json":{"title":"Privacy Policy | Buschenschank Peter Schandl","description":"Data protection at a glance. The following information provides a simple overview of what happens to your personal data.","robots":{"index":"index","follow":"follow","max-snippet":"max-snippet:-1","max-image-preview":"max-image-preview:large","max-video-preview":"max-video-preview:-1"},"canonical":"https:\/\/www.buschenschankschandl.at\/en\/privacy-policy\/","og_locale":"en_US","og_type":"article","og_title":"Datenschutz | Buschenschank Peter Schandl","og_description":"Datenschutz auf einen Blick. Die folgenden Hinweise geben einen einfachen \u00dcberblick dar\u00fcber, was mit Ihren personenbezogenen Daten passiert.","og_url":"https:\/\/www.buschenschankschandl.at\/en\/privacy-policy\/","og_site_name":"buschenschankschandl.at","article_modified_time":"2023-07-14T20:46:25+00:00","og_image":[{"width":1199,"height":800,"url":"http:\/\/www.buschenschankschandl.at\/wp-content\/uploads\/2023\/04\/Buschenschank_Schandl_Rust_Hotel_Rathausplatz_Abend.jpg","type":"image\/jpeg"}],"twitter_card":"summary_large_image","twitter_title":"Datenschutz | Buschenschank Peter Schandl","twitter_description":"Datenschutz auf einen Blick. Die folgenden Hinweise geben einen einfachen \u00dcberblick dar\u00fcber, was mit Ihren personenbezogenen Daten passiert.","twitter_image":"https:\/\/www.buschenschankschandl.at\/wp-content\/uploads\/2023\/04\/Buschenschank_Schandl_Rust_Hotel_Rathausplatz_Abend.jpg","twitter_misc":{"Est. reading time":"7 minutes"},"schema":{"@context":"https:\/\/schema.org","@graph":[{"@type":"WebPage","@id":"https:\/\/www.buschenschankschandl.at\/en\/privacy-policy\/","url":"https:\/\/www.buschenschankschandl.at\/en\/privacy-policy\/","name":"Privacy Policy | Buschenschank Peter Schandl","isPartOf":{"@id":"\/#website"},"datePublished":"2021-09-17T11:48:46+00:00","dateModified":"2023-07-14T20:46:25+00:00","description":"Data protection at a glance. The following information provides a simple overview of what happens to your personal data.","breadcrumb":{"@id":"https:\/\/www.buschenschankschandl.at\/en\/privacy-policy\/#breadcrumb"},"inLanguage":"en-US","potentialAction":[{"@type":"ReadAction","target":["https:\/\/www.buschenschankschandl.at\/en\/privacy-policy\/"]}]},{"@type":"BreadcrumbList","@id":"https:\/\/www.buschenschankschandl.at\/en\/privacy-policy\/#breadcrumb","itemListElement":[{"@type":"ListItem","position":1,"name":"Startseite","item":"http:\/\/www.buschenschankschandl.at\/en\/"},{"@type":"ListItem","position":2,"name":"Privacy Policy"}]},{"@type":"WebSite","@id":"\/#website","url":"\/","name":"buschenschankschandl.at","description":"","potentialAction":[{"@type":"SearchAction","target":{"@type":"EntryPoint","urlTemplate":"\/?s={search_term_string}"},"query-input":{"@type":"PropertyValueSpecification","valueRequired":true,"valueName":"search_term_string"}}],"inLanguage":"en-US"}]}},"_links":{"self":[{"href":"https:\/\/www.buschenschankschandl.at\/en\/wp-json\/wp\/v2\/pages\/11829","targetHints":{"allow":["GET"]}}],"collection":[{"href":"https:\/\/www.buschenschankschandl.at\/en\/wp-json\/wp\/v2\/pages"}],"about":[{"href":"https:\/\/www.buschenschankschandl.at\/en\/wp-json\/wp\/v2\/types\/page"}],"author":[{"embeddable":true,"href":"https:\/\/www.buschenschankschandl.at\/en\/wp-json\/wp\/v2\/users\/12"}],"replies":[{"embeddable":true,"href":"https:\/\/www.buschenschankschandl.at\/en\/wp-json\/wp\/v2\/comments?post=11829"}],"version-history":[{"count":3,"href":"https:\/\/www.buschenschankschandl.at\/en\/wp-json\/wp\/v2\/pages\/11829\/revisions"}],"predecessor-version":[{"id":12297,"href":"https:\/\/www.buschenschankschandl.at\/en\/wp-json\/wp\/v2\/pages\/11829\/revisions\/12297"}],"wp:attachment":[{"href":"https:\/\/www.buschenschankschandl.at\/en\/wp-json\/wp\/v2\/media?parent=11829"}],"curies":[{"name":"wp","href":"https:\/\/api.w.org\/{rel}","templated":true}]}}